{"id":42,"date":"2021-07-09T11:58:42","date_gmt":"2021-07-09T11:58:42","guid":{"rendered":"https:\/\/szablon.pawelkepa.pl\/demo1\/?page_id=42"},"modified":"2025-09-05T15:28:11","modified_gmt":"2025-09-05T13:28:11","slug":"polityka-prywatnosci-2","status":"publish","type":"page","link":"https:\/\/dreno.com.pl\/index.php\/polityka-prywatnosci-2\/","title":{"rendered":"Polityka prywatno\u015bci"},"content":{"rendered":"\n<p>I. Informacje og\u00f3lne.<\/p>\n\n\n\n<ol class=\"wp-block-list\">\n<li>Operatorem Serwisu https:\/\/dreno.com.pl, jest firma Dreno E. Dziurny Cz. Nowak s.j \u015anietnica 90, 38-313 \u015anietnica<\/li>\n\n\n\n<li>Serwis realizuje funkcje pozyskiwania informacji o u\u017cytkownikach i ich zachowaniu w nast\u0119puj\u0105cy spos\u00f3b:<br>a. Poprzez dobrowolnie wprowadzone w formularzach informacje.<br>b. Poprzez zapisywanie w urz\u0105dzeniach ko\u0144cowych pliki cookie (tzw. &#8222;ciasteczka&#8221;).<\/li>\n<\/ol>\n\n\n\n<p>II. Informacje w formularzach.<\/p>\n\n\n\n<ol class=\"wp-block-list\">\n<li>Serwis zbiera informacje podane dobrowolnie przez u\u017cytkownika.<\/li>\n\n\n\n<li>Serwis mo\u017ce zapisa\u0107 ponadto informacje o parametrach po\u0142\u0105czenia (oznaczenie czasu, adres IP)<\/li>\n\n\n\n<li>Dane w formularzu nie s\u0105 udost\u0119pniane podmiotom trzecim inaczej, ni\u017c za zgod\u0105 u\u017cytkownika.<\/li>\n\n\n\n<li>Dane podane w formularzu mog\u0105 stanowi\u0107 zbi\u00f3r potencjalnych klient\u00f3w, zarejestrowany przez Operatora Serwisu w rejestrze prowadzonym przez Generalnego Inspektora Ochrony Danych Osobowych.<\/li>\n\n\n\n<li>Dane podane w formularzu s\u0105 przetwarzane w celu wynikaj\u0105cym z funkcji konkretnego formularza, np w celu dokonania procesu obs\u0142ugi zg\u0142oszenia serwisowego lub kontaktu handlowego.<\/li>\n<\/ol>\n\n\n\n<p>III. Informacja o plikach cookies.<\/p>\n\n\n\n<ol class=\"wp-block-list\">\n<li>Serwis korzysta z plik\u00f3w cookies.<\/li>\n\n\n\n<li>Pliki cookies (tzw. \u201eciasteczka\u201d) stanowi\u0105 dane informatyczne, w szczeg\u00f3lno\u015bci pliki tekstowe, kt\u00f3re przechowywane s\u0105 w urz\u0105dzeniu ko\u0144cowym U\u017cytkownika Serwisu i przeznaczone s\u0105 do korzystania ze stron internetowych Serwisu. Cookies zazwyczaj zawieraj\u0105 nazw\u0119 strony internetowej, z kt\u00f3rej pochodz\u0105, czas przechowywania ich na urz\u0105dzeniu ko\u0144cowym oraz unikalny numer.<\/li>\n\n\n\n<li>Podmiotem zamieszczaj\u0105cym na urz\u0105dzeniu ko\u0144cowym U\u017cytkownika Serwisu pliki cookies oraz uzyskuj\u0105cym do nich dost\u0119p jest operator Serwisu.<\/li>\n\n\n\n<li>Pliki cookies wykorzystywane s\u0105 w nast\u0119puj\u0105cych celach:<br>a. tworzenia statystyk, kt\u00f3re pomagaj\u0105 zrozumie\u0107, w jaki spos\u00f3b U\u017cytkownicy Serwisu korzystaj\u0105 ze stron internetowych, co umo\u017cliwia ulepszanie ich struktury i zawarto\u015bci;<br>b. utrzymanie sesji U\u017cytkownika Serwisu (po zalogowaniu), dzi\u0119ki kt\u00f3rej U\u017cytkownik nie musi na ka\u017cdej podstronie Serwisu ponownie wpisywa\u0107 loginu i has\u0142a;<br>c. okre\u015blania profilu u\u017cytkownika w celu wy\u015bwietlania mu dopasowanych materia\u0142\u00f3w w sieciach reklamowych, w szczeg\u00f3lno\u015bci sieci Google.<\/li>\n\n\n\n<li>W ramach Serwisu stosowane s\u0105 dwa zasadnicze rodzaje plik\u00f3w cookies: \u201esesyjne\u201d (session cookies) oraz \u201esta\u0142e\u201d (persistent cookies). Cookies \u201esesyjne\u201d s\u0105 plikami tymczasowymi, kt\u00f3re przechowywane s\u0105 w urz\u0105dzeniu ko\u0144cowym U\u017cytkownika do czasu wylogowania, opuszczenia strony internetowej lub wy\u0142\u0105czenia oprogramowania (przegl\u0105darki internetowej). \u201eSta\u0142e\u201d pliki cookies przechowywane s\u0105 w urz\u0105dzeniu ko\u0144cowym U\u017cytkownika przez czas okre\u015blony w parametrach plik\u00f3w cookies lub do czasu ich usuni\u0119cia przez U\u017cytkownika.<\/li>\n\n\n\n<li>Oprogramowanie do przegl\u0105dania stron internetowych (przegl\u0105darka internetowa) zazwyczaj domy\u015blnie dopuszcza przechowywanie plik\u00f3w cookies w urz\u0105dzeniu ko\u0144cowym U\u017cytkownika. U\u017cytkownicy Serwisu mog\u0105 dokona\u0107 zmiany ustawie\u0144 w tym zakresie. Przegl\u0105darka internetowa umo\u017cliwia usuni\u0119cie plik\u00f3w cookies. Mo\u017cliwe jest tak\u017ce automatyczne blokowanie plik\u00f3w cookies Szczeg\u00f3\u0142owe informacje na ten temat zawiera pomoc lub dokumentacja przegl\u0105darki internetowej.<\/li>\n\n\n\n<li>Ograniczenia stosowania plik\u00f3w cookies mog\u0105 wp\u0142yn\u0105\u0107 na niekt\u00f3re funkcjonalno\u015bci dost\u0119pne na stronach internetowych Serwisu.<\/li>\n\n\n\n<li>Pliki cookies zamieszczane w urz\u0105dzeniu ko\u0144cowym U\u017cytkownika Serwisu i wykorzystywane mog\u0105 by\u0107 r\u00f3wnie\u017c przez wsp\u00f3\u0142pracuj\u0105cych z operatorem Serwisu reklamodawc\u00f3w oraz partner\u00f3w.<\/li>\n\n\n\n<li>Zalecamy przeczytanie polityki ochrony prywatno\u015bci tych firm, aby pozna\u0107 zasady korzystania z plik\u00f3w cookie wykorzystywane w statystykach: Polityka ochrony prywatno\u015bci Google Analytics<\/li>\n\n\n\n<li>Pliki cookie mog\u0105 by\u0107 wykorzystane przez sieci reklamowe, w szczeg\u00f3lno\u015bci sie\u0107 Google, do wy\u015bwietlenia reklam dopasowanych do sposobu, w jaki u\u017cytkownik korzysta z Serwisu. W tym celu mog\u0105 zachowa\u0107 informacj\u0119 o \u015bcie\u017cce nawigacji u\u017cytkownika lub czasie pozostawania na danej stronie.<\/li>\n\n\n\n<li>W zakresie informacji o preferencjach u\u017cytkownika gromadzonych przez sie\u0107 reklamow\u0105 Google u\u017cytkownik mo\u017ce przegl\u0105da\u0107 i edytowa\u0107 informacje wynikaj\u0105ce z plik\u00f3w cookies przy pomocy narz\u0119dzia: https:\/\/www.google.com\/ads\/preferences\/<\/li>\n<\/ol>\n\n\n\n<p>IV. Logi serwera.<\/p>\n\n\n\n<ol class=\"wp-block-list\">\n<li>Informacje o niekt\u00f3rych zachowaniach u\u017cytkownik\u00f3w podlegaj\u0105 logowaniu w warstwie serwerowej. Dane te s\u0105 wykorzystywane wy\u0142\u0105cznie w celu administrowania serwisem oraz w celu zapewnienia jak najbardziej sprawnej obs\u0142ugi \u015bwiadczonych us\u0142ug hostingowych.<\/li>\n\n\n\n<li>Przegl\u0105dane zasoby identyfikowane s\u0105 poprzez adresy URL. Ponadto zapisowi mog\u0105 podlega\u0107:<br>a. czas nadej\u015bcia zapytania,<br>b. czas wys\u0142ania odpowiedzi,<br>c. nazw\u0119 stacji klienta \u2013 identyfikacja realizowana przez protok\u00f3\u0142 HTTP,<br>d. informacje o b\u0142\u0119dach jakie nast\u0105pi\u0142y przy realizacji transakcji HTTP,<br>e. adres URL strony poprzednio odwiedzanej przez u\u017cytkownika (referer link) \u2013 w przypadku gdy przej\u015bcie do Serwisu nast\u0105pi\u0142o przez odno\u015bnik,<br>f. informacje o przegl\u0105darce u\u017cytkownika,<br>g. Informacje o adresie IP.<\/li>\n\n\n\n<li>Dane powy\u017csze nie s\u0105 kojarzone z konkretnymi osobami przegl\u0105daj\u0105cymi strony.<\/li>\n\n\n\n<li>Dane powy\u017csze s\u0105 wykorzystywane jedynie dla cel\u00f3w administrowania serwerem.<\/li>\n<\/ol>\n\n\n\n<p>V. Udost\u0119pnienie danych.<\/p>\n\n\n\n<ol class=\"wp-block-list\">\n<li>Dane podlegaj\u0105 udost\u0119pnieniu podmiotom zewn\u0119trznym wy\u0142\u0105cznie w granicach prawnie dozwolonych.<\/li>\n\n\n\n<li>Dane umo\u017cliwiaj\u0105ce identyfikacj\u0119 osoby fizycznej s\u0105 udost\u0119pniane wy\u0142\u0105czenie za zgod\u0105 tej osoby.<\/li>\n\n\n\n<li>Operator mo\u017ce mie\u0107 obowi\u0105zek udzielania informacji zebranych przez Serwis upowa\u017cnionym organom na podstawie zgodnych z prawem \u017c\u0105da\u0144 w zakresie wynikaj\u0105cym z \u017c\u0105dania.<\/li>\n<\/ol>\n\n\n\n<p>VI. Je\u015bli u\u017cytkownik nie chce otrzymywa\u0107 plik\u00f3w cookies, mo\u017ce zmieni\u0107 ustawienia przegl\u0105darki. Zastrzegamy, \u017ce wy\u0142\u0105czenie obs\u0142ugi plik\u00f3w cookies niezb\u0119dnych dla proces\u00f3w uwierzytelniania, bezpiecze\u0144stwa, utrzymania preferencji u\u017cytkownika mo\u017ce utrudni\u0107, a w skrajnych przypadkach mo\u017ce uniemo\u017cliwi\u0107 korzystanie ze stron www<\/p>\n\n\n\n<ol start=\"2\" class=\"wp-block-list\">\n<li>W celu zarz\u0105dzania ustawieniami cookies wybierz z listy poni\u017cej przegl\u0105dark\u0119 internetow\u0105\/ system i post\u0119puj zgodnie z instrukcjami:<br>a. Internet Explorer<br>b. Chrome<br>c. Safari<br>d. Firefox<br>e. Opera<br>f. Android<br>g. Safari (iOS)<br>h. Windows Phone<br>i. Blackberry<\/li>\n<\/ol>\n\n\n\n<p>OCHRONA DANYCH OSOBOWYCH<\/p>\n\n\n\n<p>Szanowni Pa\u0144stwo,<br>w zwi\u0105zku z tym, \u017ce od 25 maja 2018 r. zastosowanie znajdzie Rozporz\u0105dzenie Parlamentu Europejskiego i Rady (UE) 2016\/679 z dnia 27 kwietnia 2016 r. w sprawie ochrony os\u00f3b fizycznych w zwi\u0105zku z przetwarzaniem danych osobowych i w sprawie swobodnego przep\u0142ywu takich danych oraz uchylenia dyrektywy 95\/46\/WE (og\u00f3lne rozporz\u0105dzenie o ochronie danych), zwane te\u017c dalej: RODO, niniejszym przekazujemy informacje dotycz\u0105ce Pa\u0144stwa danych osobowych, kt\u00f3re przetwarzamy.<\/p>\n\n\n\n<p>Zaznaczamy, \u017ce niniejsz\u0105 informacj\u0119 przekazujemy jedynie w celach informacyjnych. Nie jest wymagane od Pani\/Pana \u017cadne dzia\u0142anie lub kontakt z nami.<\/p>\n\n\n\n<p>I. ADMINISTRATOR DANYCH OSOBOWYCH<br>Administratorem Pani\/Pana danych osobowych (zwanym te\u017c dalej: Administratorem) jest nasza firma:<br>&#8222;DRENO&#8221; PRODUKCJA WYROB\u00d3W Z DREWNA DZIURNY, NOWAK SP\u00d3\u0141KA JAWNA, NIP: 7380003361, REGON: 490034887, KRS: 0000065800, adres: \u015anietnica 90, 38-315 \u015anietnica<br>II. INFORMACJA O POZYSKANIU DANYCH<br>Dane osobowe b\u0119d\u0105 pozyskiwane wy\u0142\u0105cznie w ramach realizacji umowy kupna i sprzeda\u017cy lub \u015bwiadczenia us\u0142ugi np. sk\u0142adanie zam\u00f3wienia i jego wykonanie.<br>Podanie danych osobowych jest dobrowolne, ale niezb\u0119dne do zawarcia umowy kupna i sprzeda\u017cy, umowy \u015bwiadczenia us\u0142ugi, rozpatrzenia z\u0142o\u017conej reklamacji. W przypadku niepodania danych zawarcie umowy, rozpatrzenie reklamacji lub obs\u0142uga zg\u0142oszenia jest niemo\u017cliwe.<br>III. CELE I PODSTAWA PRAWNA PRZETWARZANIA<br>Pani\/Pana dane osobowe w postaci imienia i nazwiska, pe\u0142nej nazwy i adresu firmy, numeru telefonu, adresu email , adresu zamawiaj\u0105cego oraz dostawy, mo\u017cemy przetwarza\u0107:<br>A. w celu zawarcia i realizacji umowy (art. 6 ust. 1 lit. a RODO) \u2013<br>w tym weryfikacji wiarygodno\u015bci p\u0142atniczej i rozliczenia umowy, na podstawie danych przez Pani\/Pana dostarczonych lub danych z innych \u017ar\u00f3de\u0142 (Krajowy Rejestr S\u0105dowy, Centralna Ewidencja i Informacja o Dzia\u0142alno\u015bci Gospodarczej, Biura Informacji Gospodarczej.<br>B. w celu wype\u0142nienia obowi\u0105zku prawnego ci\u0105\u017c\u0105cego na Administratorze (art.. 6 ust.1 lit. c RODO ) realizacji obowi\u0105zk\u00f3w podatkowych (wystawianie i rozliczanie faktur oraz innych dokument\u00f3w ksi\u0119gowych);<br>C. w celu prowadzenia dzia\u0142a\u0144 marketingowych i informacyjnych ( wysy\u0142anie ofert handlowych drog\u0105 elektroniczn\u0105 oraz udzielania odpowiedzi na zadane drog\u0105 mailow\u0105 pytania na firmowy adres e-mail b\u0105d\u017a inna dost\u0119pn\u0105 ma naszej stronie form\u0105 kontaktu,<br>wysy\u0142anie informacji o akcjach promocyjnych i innych wydarzeniach &#8211; za zgod\u0105.<br>D. w celu ochrony uzasadnionych interes\u00f3w realizowanych przez Administratora.<br>IV. ODBIORCY DANYCH<br>Pani\/Pana dane osobowe mog\u0105 by\u0107 przekazane do pracownik\u00f3w takich dzia\u0142\u00f3w jak dzia\u0142 sprzeda\u017cy, dzia\u0142 ksi\u0119gowo\u015bci oraz transportu, ale r\u00f3wnie\u017c firmom kurierskim i firmom obs\u0142uguj\u0105cym system p\u0142atno\u015bci elektronicznej.<br>Nie przekazujemy Twoich danych poza teren Polski\/UE\/Europejskiego Obszaru Gospodarczego.<br>V. OKRES PRZECHOWYWANIA DANYCH<\/p>\n\n\n\n<ol class=\"wp-block-list\">\n<li>Dane osobowe przetwarzane w celu zawarcia lub wykonania umowy oraz wype\u0142nienia obowi\u0105zku prawnego Administratora b\u0119d\u0105 przechowywane przez okres obowi\u0105zywania umowy, a po jego up\u0142ywie przez okres niezb\u0119dny do:<br>a) posprzeda\u017cowej obs\u0142ugi klient\u00f3w (np. obs\u0142ugi reklamacji),<br>b) zabezpieczenia lub dochodzenia ewentualnych roszcze\u0144 przys\u0142uguj\u0105cych Administratorowi,<br>c) wype\u0142nienia obowi\u0105zku prawnego Administratora (wynikaj\u0105cego np. z przepis\u00f3w podatkowych lub rachunkowych).<\/li>\n\n\n\n<li>Dane osobowe przetwarzane na podstawie odr\u0119bnej zgody b\u0119d\u0105 przechowywane do czasu jej odwo\u0142ania.<br>VI. PRAWA OSOBY, KT\u00d3REJ DOTYCZ\u0104 PRZETWARZANE DANE OSOBOWE<br>Przys\u0142uguje Pani\/Panu prawo dost\u0119pu do swoich danych oraz otrzymania ich kopii, prawo do sprostowania (poprawiania) swoich danych, prawo do usuni\u0119cia danych (je\u017celi Pani\/Pana zdaniem nie ma podstaw do tego, aby\u015bmy przetwarzali Pani\/Pana dane, mo\u017ce Pani\/Pan za\u017c\u0105da\u0107, aby\u015bmy je usun\u0119li), prawo do ograniczenia przetwarzania danych (mo\u017ce Pani\/Pan za\u017c\u0105da\u0107, aby\u015bmy ograniczyli przetwarzanie Pani\/Pana danych osobowych wy\u0142\u0105cznie do ich przechowywania lub wykonywania uzgodnionych z Pani\u0105\/Panem dzia\u0142a\u0144, je\u017celi Pani\/Pana zdaniem mamy nieprawid\u0142owe dane na Pani\/Pana temat lub przetwarzamy je bezpodstawnie), prawo do wniesienia sprzeciwu wobec przetwarzania danych, prawo do przenoszenia danych, prawo do wniesienia skargi do organu nadzorczego (Generalnego Inspektora Ochrony Danych Osobowych, ul. Stawki 2, 00-193 Warszawa) oraz prawo do cofni\u0119cia zgody na przetwarzanie danych osobowych (ma Pani\/Pan prawo cofni\u0119cia zgody na przetwarzanie danych w dowolnym momencie; cofni\u0119cie zgody nie ma wp\u0142ywu na zgodno\u015b\u0107 z prawem przetwarzania, kt\u00f3rego dokonano na podstawie Pani\/Pana zgody przed jej cofni\u0119ciem).<br>Wy\u017cej wymienione prawa mo\u017cna zrealizowa\u0107 poprzez kontakt z nami kontakt@dreno.com.pl.<\/li>\n<\/ol>\n\n\n\n<p><\/p>\n","protected":false},"excerpt":{"rendered":"<p>I. Informacje og\u00f3lne. II. Informacje w formularzach. III. Informacja o plikach cookies. IV. Logi serwera. V. Udost\u0119pnienie danych. VI. Je\u015bli [&hellip;]<\/p>\n","protected":false},"author":1,"featured_media":0,"parent":0,"menu_order":0,"comment_status":"closed","ping_status":"closed","template":"","meta":{"footnotes":""},"class_list":["post-42","page","type-page","status-publish","hentry"],"_links":{"self":[{"href":"https:\/\/dreno.com.pl\/index.php\/wp-json\/wp\/v2\/pages\/42","targetHints":{"allow":["GET"]}}],"collection":[{"href":"https:\/\/dreno.com.pl\/index.php\/wp-json\/wp\/v2\/pages"}],"about":[{"href":"https:\/\/dreno.com.pl\/index.php\/wp-json\/wp\/v2\/types\/page"}],"author":[{"embeddable":true,"href":"https:\/\/dreno.com.pl\/index.php\/wp-json\/wp\/v2\/users\/1"}],"replies":[{"embeddable":true,"href":"https:\/\/dreno.com.pl\/index.php\/wp-json\/wp\/v2\/comments?post=42"}],"version-history":[{"count":2,"href":"https:\/\/dreno.com.pl\/index.php\/wp-json\/wp\/v2\/pages\/42\/revisions"}],"predecessor-version":[{"id":758,"href":"https:\/\/dreno.com.pl\/index.php\/wp-json\/wp\/v2\/pages\/42\/revisions\/758"}],"wp:attachment":[{"href":"https:\/\/dreno.com.pl\/index.php\/wp-json\/wp\/v2\/media?parent=42"}],"curies":[{"name":"wp","href":"https:\/\/api.w.org\/{rel}","templated":true}]}}